{"id":804,"date":"2018-02-15T05:15:48","date_gmt":"2018-02-15T10:15:48","guid":{"rendered":"http:\/\/jonathan.local\/?page_id=804"},"modified":"2026-04-22T11:12:17","modified_gmt":"2026-04-22T15:12:17","slug":"resources","status":"publish","type":"page","link":"https:\/\/jboivinavocat.com\/en\/resources\/","title":{"rendered":"Resources"},"content":{"rendered":"<div class=\"wpb-content-wrapper\"><p>[vc_row full_width=&#8221;stretch_row&#8221; el_class=&#8221;limitedContent2&#8243;][vc_column css=&#8221;.vc_custom_1520516393688{margin-bottom: 40px !important;}&#8221;][vc_raw_html]JTNDZGl2JTIwY2xhc3MlM0QlMjJiZ3JpcyUyMiUzRSUzQ3AlMjBjbGFzcyUzRCUyMnNpdGUtaGVhZGVyJTIyJTIwc3R5bGUlM0QlMjJwYWRkaW5nLXRvcCUzQTYzcHglM0JtYXJnaW4lM0EwJTNCJTIyJTNFUmVzb3VyY2VzJTNDJTJGcCUzRSUzQyUyRmRpdiUzRQ==[\/vc_raw_html][vc_row_inner el_class=&#8221;limitedContent2&#8243;][vc_column_inner][vc_column_text]<\/p>\n<p class=\"font40\" style=\"font-weight: bolder; text-align: center;\">Resources<\/p>\n<p>[\/vc_column_text][vc_column_text]<\/p>\n<p class=\"fontPT font24\" style=\"text-align: center;\">Here are a few useful <a style=\"text-decoration: none; color: #333;\" href=\"http:\/\/www.justicedeproximite.qc.ca\/ressources\/\">online <\/a>resources that provide legal information free of charge for citizens.<\/p>\n<p>[\/vc_column_text][\/vc_column_inner][\/vc_row_inner][vc_row_inner equal_height=&#8221;yes&#8221; content_placement=&#8221;middle&#8221; el_class=&#8221;limitedContent2 nomobile&#8221; css=&#8221;.vc_custom_1520518707563{margin-top: 25px !important;margin-bottom: 0px !important;}&#8221;][vc_column_inner el_class=&#8221;nomobile&#8221; width=&#8221;1\/2&#8243; css=&#8221;.vc_custom_1520518817183{margin-right: 15px !important;padding-top: 15px !important;padding-left: 25px !important;background-color: #5586b0 !important;}&#8221;][vc_custom_heading text=&#8221;PROVINCIAL ORGANIZATIONS&#8221; font_container=&#8221;tag:h2|text_align:left|color:%23ffffff&#8221; google_fonts=&#8221;font_family:Montserrat%3Aregular%2C700|font_style:700%20bold%20regular%3A700%3Anormal&#8221; el_class=&#8221;fontPT nomobile font24&#8243; css=&#8221;.vc_custom_1521033725724{margin-top: 0px !important;margin-bottom: 0px !important;}&#8221;][\/vc_column_inner][vc_column_inner el_class=&#8221;nomobile&#8221; width=&#8221;1\/2&#8243; css=&#8221;.vc_custom_1520518811074{margin-left: 15px !important;padding-top: 65px !important;padding-bottom: 50px !important;padding-left: 25px !important;background-color: #5586b0 !important;}&#8221;][vc_custom_heading text=&#8221;LAWS, BYLAWS AND COURT<br \/>\nOR ORGANIZATION DECISIONS&#8221; font_container=&#8221;tag:h2|text_align:left|color:%23ffffff&#8221; google_fonts=&#8221;font_family:Montserrat%3Aregular%2C700|font_style:700%20bold%20regular%3A700%3Anormal&#8221; el_class=&#8221;fontPT nomobile font24&#8243; css=&#8221;.vc_custom_1521033746716{margin-top: 0px !important;margin-bottom: 0px !important;}&#8221;][\/vc_column_inner][\/vc_row_inner][vc_row_inner el_class=&#8221;limitedContent2&#8243;][vc_column_inner width=&#8221;1\/2&#8243;][vc_column_text el_class=&#8221;.ressoucesLeft&#8221;]<\/p>\n<p class=\"fontPT font24\" style=\"text-align: left;\"><a style=\"color: #608eb5; font-weight: bold;\" href=\"https:\/\/info-justice.ca\/en\/resources\/\" target=\"_blank\" rel=\"noopener\">Barreau du Qu\u00e9bec \u2013 For the public<\/a><\/p>\n<p class=\"fontPT font24\" style=\"text-align: left;\"><a style=\"color: #608eb5; font-weight: bold;\" href=\"https:\/\/espace.caij.qc.ca\/recherche\/\" target=\"_blank\" rel=\"noopener\">Centre d\u2019acc\u00e8s \u00e0 l\u2019information juridique<\/a><\/p>\n<p class=\"fontPT font24\" style=\"text-align: left;\"><a style=\"color: #608eb5; font-weight: bold;\" href=\"https:\/\/www.cnq.org\/en\/\" target=\"_blank\" rel=\"noopener\">Chambre des notaires du Qu\u00e9bec<\/a><\/p>\n<p class=\"fontPT font24\" style=\"text-align: left;\"><a style=\"color: #608eb5; font-weight: bold;\" href=\"https:\/\/www.cdpdj.qc.ca\/en\" target=\"_blank\" rel=\"noopener\">Commission des droits de la personne et des droits de la jeunesse<\/a><\/p>\n<p class=\"fontPT font24\" style=\"text-align: left;\"><a style=\"color: #608eb5; font-weight: bold;\" href=\"https:\/\/www.cnesst.gouv.qc.ca\/en\" target=\"_blank\" rel=\"noopener\">Commission des normes, de l\u2019\u00e9quit\u00e9, de la sant\u00e9 et de la s\u00e9curit\u00e9 du travail<\/a><\/p>\n<p class=\"fontPT font24\" style=\"text-align: left;\"><a style=\"color: #608eb5; font-weight: bold;\" href=\"https:\/\/www.csj.qc.ca\/commission-des-services-juridiques\/\" target=\"_blank\" rel=\"noopener\">Commission des services juridiques<\/a><\/p>\n<p class=\"fontPT font24\" style=\"text-align: left;\"><a style=\"color: #608eb5; font-weight: bold;\" href=\"https:\/\/www.quebec.ca\/en\/government\/departments-agencies\/curateur-public\" target=\"_blank\" rel=\"noopener\">Curateur public<\/a><\/p>\n<p class=\"fontPT font24\" style=\"text-align: left;\"><a style=\"color: #608eb5; font-weight: bold;\" href=\"https:\/\/educaloi.qc.ca\/en\/\" target=\"_blank\" rel=\"noopener\">\u00c9ducaloi<\/a><\/p>\n<p class=\"fontPT font24\" style=\"text-align: left;\"><a style=\"color: #608eb5; font-weight: bold;\" href=\"https:\/\/fondationdubarreau.qc.ca\/guides-juridiques\" target=\"_blank\" rel=\"noopener\">Fondation du Barreau du Qu\u00e9bec<\/a><\/p>\n<p class=\"fontPT font24\" style=\"text-align: left;\"><a style=\"color: #608eb5; font-weight: bold;\" href=\"https:\/\/www.quebec.ca\/en\" target=\"_blank\" rel=\"noopener\">Government of Quebec<\/a><\/p>\n<p class=\"fontPT font24\" style=\"text-align: left;\"><a style=\"color: #608eb5; font-weight: bold;\" href=\"https:\/\/imaq.org\/\" target=\"_blank\" rel=\"noopener\">Institut de m\u00e9diation et d\u2019arbitrage du Qu\u00e9bec<\/a><\/p>\n<p class=\"fontPT font24\" style=\"text-align: left;\"><a style=\"color: #608eb5; font-weight: bold;\" href=\"https:\/\/www.justice.gouv.qc.ca\/en\" target=\"_blank\" rel=\"noopener\">Ministry of Justice of Quebec<\/a><\/p>\n<p class=\"fontPT font24\" style=\"text-align: left;\"><a style=\"color: #608eb5; font-weight: bold;\" href=\"https:\/\/www.opc.gouv.qc.ca\/\" target=\"_blank\" rel=\"noopener\">Office de la protection du consommateur<\/a><\/p>\n<p class=\"fontPT font24\" style=\"text-align: left;\"><a style=\"color: #608eb5; font-weight: bold;\" href=\"https:\/\/protecteurducitoyen.qc.ca\/en\" target=\"_blank\" rel=\"noopener\">Quebec Ombudsman<\/a><\/p>\n<p class=\"fontPT font24\" style=\"text-align: left;\"><a style=\"color: #608eb5; font-weight: bold;\" href=\"https:\/\/www.protegez-vous.ca\/\" target=\"_blank\" rel=\"noopener\">Prot\u00e9gez-vous<\/a><\/p>\n<p class=\"fontPT font24\" style=\"text-align: left;\"><a style=\"color: #608eb5; font-weight: bold;\" href=\"https:\/\/www.tal.gouv.qc.ca\/en\/\" target=\"_blank\" rel=\"noopener\">R\u00e9gie du logement<\/a><\/p>\n<p class=\"fontPT font24\" style=\"text-align: left;\"><a style=\"color: #608eb5; font-weight: bold;\" href=\"https:\/\/saaqclic.saaq.gouv.qc.ca\/saaqstorefront\/en\/login\" target=\"_blank\" rel=\"noopener\">Soci\u00e9t\u00e9 de l\u2019assurance automobile du Qu\u00e9bec<\/a><\/p>\n<p class=\"fontPT font24\" style=\"text-align: left;\"><a style=\"color: #608eb5; font-weight: bold;\" href=\"https:\/\/tribunaux.qc.ca\/\" target=\"_blank\" rel=\"noopener\">The Courts of Quebec<\/a><\/p>\n<p class=\"fontPT font24\" style=\"text-align: left;\"><a style=\"color: #608eb5; font-weight: bold;\" href=\"https:\/\/boussolejuridique.ca\/\" target=\"_blank\" rel=\"noopener\">Votre Boussole juridique<\/a><\/p>\n<p>[\/vc_column_text][\/vc_column_inner][vc_column_inner width=&#8221;1\/2&#8243;][vc_column_text css=&#8221;.vc_custom_1772486706631{padding-left: 30px !important;}&#8221; el_class=&#8221;.ressoucesRight&#8221;]<\/p>\n<p class=\"fontPT font24\"><a style=\"color: #608eb5; font-weight: bold;\" href=\"https:\/\/www.publicationsduquebec.gouv.qc.ca\/lois-et-reglements\/\" target=\"_blank\" rel=\"noopener\">Laws and Regulations of Quebec<\/a><\/p>\n<p class=\"fontPT font24\"><a style=\"color: #608eb5; font-weight: bold;\" href=\"https:\/\/lois.justice.gc.ca\/eng\/index.html\" target=\"_blank\" rel=\"noopener\">Laws and Regulations of Canada<\/a><\/p>\n<p class=\"fontPT font24\"><a style=\"color: #608eb5; font-weight: bold;\" href=\"https:\/\/citoyens.soquij.qc.ca\/\" target=\"_blank\" rel=\"noopener\">SOQUIJ \u2013 Services for citizens \u2013 Find a decision<\/a><\/p>\n<p class=\"fontPT font24\"><a style=\"color: #608eb5; font-weight: bold;\" href=\"https:\/\/ccq.lexum.com\/w\/ccq\/fr#!fragment\/\/KGhhc2g6KGNodW5rxIVhbsSHb3JUZXh0OicnKSxub3Rlc1F1ZXJ5xJYnLHNjcm9sbEPEiMSKOiFuxKdlYXLEh8SgxKLEpMSXxLTEtsSHU8SQdELEpFJFTEVWQU5DRSx0YWI6dG9jKSk=\" target=\"_blank\" rel=\"noopener\">Annotated Civil Code of Quebec<\/a><\/p>\n<p class=\"fontPT font24\"><a style=\"color: #608eb5; font-weight: bold;\" href=\"https:\/\/www.canlii.org\/\" target=\"_blank\" rel=\"noopener\">Canadian Legal Information Institute (CANLII)<\/a><\/p>\n<p>[\/vc_column_text][\/vc_column_inner][\/vc_row_inner][\/vc_column][\/vc_row][vc_row full_width=&#8221;stretch_row&#8221; parallax=&#8221;content-moving&#8221; parallax_image=&#8221;369&#8243; parallax_speed_bg=&#8221;1&#8243; el_class=&#8221;infoletter&#8221;][vc_column][vc_row_inner content_placement=&#8221;middle&#8221; css=&#8221;.vc_custom_1519912271015{background-color: rgba(59,61,64,0.2) !important;*background-color: rgb(59,61,64) !important;}&#8221;][vc_column_inner el_class=&#8221;infoletter&#8221;][vc_column_text]<\/p>\n<p class=\"font40\" style=\"text-align: center; font-weight: bolder;\">Sign up!<\/p>\n<p class=\"infop font24\" style=\"text-align: center;\">Subscribe to our newsletter for exclusive news.<\/p>\n<p>[\/vc_column_text][vc_column_text][mc4wp_form id=&#8221;846&#8243;][\/vc_column_text][\/vc_column_inner][\/vc_row_inner][\/vc_column][\/vc_row]<\/p>\n<\/div>","protected":false},"excerpt":{"rendered":"<p>[vc_row full_width=&#8221;stretch_row&#8221; el_class=&#8221;limitedContent2&#8243;][vc_column css=&#8221;.vc_custom_1520516393688{margin-bottom: 40px !important;}&#8221;][vc_raw_html]JTNDZGl2JTIwY2xhc3MlM0QlMjJiZ3JpcyUyMiUzRSUzQ3AlMjBjbGFzcyUzRCUyMnNpdGUtaGVhZGVyJTIyJTIwc3R5bGUlM0QlMjJwYWRkaW5nLXRvcCUzQTYzcHglM0JtYXJnaW4lM0EwJTNCJTIyJTNFUmVzb3VyY2VzJTNDJTJGcCUzRSUzQyUyRmRpdiUzRQ==[\/vc_raw_html][vc_row_inner el_class=&#8221;limitedContent2&#8243;][vc_column_inner][vc_column_text] Resources [\/vc_column_text][vc_column_text] Here are a few useful online resources that provide legal information free of charge for citizens. [\/vc_column_text][\/vc_column_inner][\/vc_row_inner][vc_row_inner equal_height=&#8221;yes&#8221; content_placement=&#8221;middle&#8221; el_class=&#8221;limitedContent2 nomobile&#8221; css=&#8221;.vc_custom_1520518707563{margin-top: 25px !important;margin-bottom: 0px !important;}&#8221;][vc_column_inner el_class=&#8221;nomobile&#8221; width=&#8221;1\/2&#8243; css=&#8221;.vc_custom_1520518817183{margin-right: 15px !important;padding-top: 15px !important;padding-left: 25px !important;background-color: #5586b0 !important;}&#8221;][vc_custom_heading text=&#8221;PROVINCIAL ORGANIZATIONS&#8221; font_container=&#8221;tag:h2|text_align:left|color:%23ffffff&#8221; google_fonts=&#8221;font_family:Montserrat%3Aregular%2C700|font_style:700%20bold%20regular%3A700%3Anormal&#8221; el_class=&#8221;fontPT nomobile font24&#8243; css=&#8221;.vc_custom_1521033725724{margin-top: 0px [&hellip;]<\/p>\n","protected":false},"author":1,"featured_media":0,"parent":0,"menu_order":0,"comment_status":"closed","ping_status":"closed","template":"","meta":{"footnotes":""},"class_list":["post-804","page","type-page","status-publish","hentry"],"yoast_head":"<!-- This site is optimized with the Yoast SEO plugin v27.4 - https:\/\/yoast.com\/product\/yoast-seo-wordpress\/ -->\n<title>Online resources that provide legal information free - Me Jonathan Boivin<\/title>\n<meta name=\"description\" content=\"Here are a few useful online resources that provide legal information free of charge for citizens.\" \/>\n<meta name=\"robots\" content=\"index, follow, max-snippet:-1, max-image-preview:large, max-video-preview:-1\" \/>\n<link rel=\"canonical\" href=\"https:\/\/jboivinavocat.com\/en\/resources\/\" \/>\n<meta property=\"og:locale\" content=\"en_US\" \/>\n<meta property=\"og:type\" content=\"article\" \/>\n<meta property=\"og:title\" content=\"Online resources that provide legal information free - Me Jonathan Boivin\" \/>\n<meta property=\"og:description\" content=\"Here are a few useful online resources that provide legal information free of charge for citizens.\" \/>\n<meta property=\"og:url\" content=\"https:\/\/jboivinavocat.com\/en\/resources\/\" \/>\n<meta property=\"og:site_name\" content=\"JONATHAN BOIVIN\" \/>\n<meta property=\"article:publisher\" content=\"https:\/\/www.facebook.com\/JBoivinavocat\/\" \/>\n<meta property=\"article:modified_time\" content=\"2026-04-22T15:12:17+00:00\" \/>\n<meta property=\"og:image\" content=\"https:\/\/jboivinavocat.com\/wp-content\/uploads\/2018\/03\/header-01.jpg\" \/>\n\t<meta property=\"og:image:width\" content=\"2000\" \/>\n\t<meta property=\"og:image:height\" content=\"800\" \/>\n\t<meta property=\"og:image:type\" content=\"image\/jpeg\" \/>\n<meta name=\"twitter:card\" content=\"summary_large_image\" \/>\n<meta name=\"twitter:label1\" content=\"Est. reading time\" \/>\n\t<meta name=\"twitter:data1\" content=\"2 minutes\" \/>\n<script type=\"application\/ld+json\" class=\"yoast-schema-graph\">{\"@context\":\"https:\\\/\\\/schema.org\",\"@graph\":[{\"@type\":\"WebPage\",\"@id\":\"https:\\\/\\\/jboivinavocat.com\\\/en\\\/resources\\\/\",\"url\":\"https:\\\/\\\/jboivinavocat.com\\\/en\\\/resources\\\/\",\"name\":\"Online resources that provide legal information free - Me Jonathan Boivin\",\"isPartOf\":{\"@id\":\"https:\\\/\\\/jboivinavocat.com\\\/#website\"},\"datePublished\":\"2018-02-15T10:15:48+00:00\",\"dateModified\":\"2026-04-22T15:12:17+00:00\",\"description\":\"Here are a few useful online resources that provide legal information free of charge for citizens.\",\"breadcrumb\":{\"@id\":\"https:\\\/\\\/jboivinavocat.com\\\/en\\\/resources\\\/#breadcrumb\"},\"inLanguage\":\"en-US\",\"potentialAction\":[{\"@type\":\"ReadAction\",\"target\":[\"https:\\\/\\\/jboivinavocat.com\\\/en\\\/resources\\\/\"]}]},{\"@type\":\"BreadcrumbList\",\"@id\":\"https:\\\/\\\/jboivinavocat.com\\\/en\\\/resources\\\/#breadcrumb\",\"itemListElement\":[{\"@type\":\"ListItem\",\"position\":1,\"name\":\"Home\",\"item\":\"https:\\\/\\\/jboivinavocat.com\\\/en\\\/\"},{\"@type\":\"ListItem\",\"position\":2,\"name\":\"Resources\"}]},{\"@type\":\"WebSite\",\"@id\":\"https:\\\/\\\/jboivinavocat.com\\\/#website\",\"url\":\"https:\\\/\\\/jboivinavocat.com\\\/\",\"name\":\"JONATHAN BOIVIN\",\"description\":\"Avocat criminaliste\",\"publisher\":{\"@id\":\"https:\\\/\\\/jboivinavocat.com\\\/#organization\"},\"potentialAction\":[{\"@type\":\"SearchAction\",\"target\":{\"@type\":\"EntryPoint\",\"urlTemplate\":\"https:\\\/\\\/jboivinavocat.com\\\/?s={search_term_string}\"},\"query-input\":{\"@type\":\"PropertyValueSpecification\",\"valueRequired\":true,\"valueName\":\"search_term_string\"}}],\"inLanguage\":\"en-US\"},{\"@type\":\"Organization\",\"@id\":\"https:\\\/\\\/jboivinavocat.com\\\/#organization\",\"name\":\"JONATHAN BOIVIN\",\"url\":\"https:\\\/\\\/jboivinavocat.com\\\/\",\"logo\":{\"@type\":\"ImageObject\",\"inLanguage\":\"en-US\",\"@id\":\"https:\\\/\\\/jboivinavocat.com\\\/#\\\/schema\\\/logo\\\/image\\\/\",\"url\":\"https:\\\/\\\/jboivinavocat.com\\\/wp-content\\\/uploads\\\/2023\\\/08\\\/jboivin-avocat.png\",\"contentUrl\":\"https:\\\/\\\/jboivinavocat.com\\\/wp-content\\\/uploads\\\/2023\\\/08\\\/jboivin-avocat.png\",\"width\":241,\"height\":112,\"caption\":\"JONATHAN BOIVIN\"},\"image\":{\"@id\":\"https:\\\/\\\/jboivinavocat.com\\\/#\\\/schema\\\/logo\\\/image\\\/\"},\"sameAs\":[\"https:\\\/\\\/www.facebook.com\\\/JBoivinavocat\\\/\"]}]}<\/script>\n<!-- \/ Yoast SEO plugin. -->","yoast_head_json":{"title":"Online resources that provide legal information free - Me Jonathan Boivin","description":"Here are a few useful online resources that provide legal information free of charge for citizens.","robots":{"index":"index","follow":"follow","max-snippet":"max-snippet:-1","max-image-preview":"max-image-preview:large","max-video-preview":"max-video-preview:-1"},"canonical":"https:\/\/jboivinavocat.com\/en\/resources\/","og_locale":"en_US","og_type":"article","og_title":"Online resources that provide legal information free - Me Jonathan Boivin","og_description":"Here are a few useful online resources that provide legal information free of charge for citizens.","og_url":"https:\/\/jboivinavocat.com\/en\/resources\/","og_site_name":"JONATHAN BOIVIN","article_publisher":"https:\/\/www.facebook.com\/JBoivinavocat\/","article_modified_time":"2026-04-22T15:12:17+00:00","og_image":[{"width":2000,"height":800,"url":"https:\/\/jboivinavocat.com\/wp-content\/uploads\/2018\/03\/header-01.jpg","type":"image\/jpeg"}],"twitter_card":"summary_large_image","twitter_misc":{"Est. reading time":"2 minutes"},"schema":{"@context":"https:\/\/schema.org","@graph":[{"@type":"WebPage","@id":"https:\/\/jboivinavocat.com\/en\/resources\/","url":"https:\/\/jboivinavocat.com\/en\/resources\/","name":"Online resources that provide legal information free - Me Jonathan Boivin","isPartOf":{"@id":"https:\/\/jboivinavocat.com\/#website"},"datePublished":"2018-02-15T10:15:48+00:00","dateModified":"2026-04-22T15:12:17+00:00","description":"Here are a few useful online resources that provide legal information free of charge for citizens.","breadcrumb":{"@id":"https:\/\/jboivinavocat.com\/en\/resources\/#breadcrumb"},"inLanguage":"en-US","potentialAction":[{"@type":"ReadAction","target":["https:\/\/jboivinavocat.com\/en\/resources\/"]}]},{"@type":"BreadcrumbList","@id":"https:\/\/jboivinavocat.com\/en\/resources\/#breadcrumb","itemListElement":[{"@type":"ListItem","position":1,"name":"Home","item":"https:\/\/jboivinavocat.com\/en\/"},{"@type":"ListItem","position":2,"name":"Resources"}]},{"@type":"WebSite","@id":"https:\/\/jboivinavocat.com\/#website","url":"https:\/\/jboivinavocat.com\/","name":"JONATHAN BOIVIN","description":"Avocat criminaliste","publisher":{"@id":"https:\/\/jboivinavocat.com\/#organization"},"potentialAction":[{"@type":"SearchAction","target":{"@type":"EntryPoint","urlTemplate":"https:\/\/jboivinavocat.com\/?s={search_term_string}"},"query-input":{"@type":"PropertyValueSpecification","valueRequired":true,"valueName":"search_term_string"}}],"inLanguage":"en-US"},{"@type":"Organization","@id":"https:\/\/jboivinavocat.com\/#organization","name":"JONATHAN BOIVIN","url":"https:\/\/jboivinavocat.com\/","logo":{"@type":"ImageObject","inLanguage":"en-US","@id":"https:\/\/jboivinavocat.com\/#\/schema\/logo\/image\/","url":"https:\/\/jboivinavocat.com\/wp-content\/uploads\/2023\/08\/jboivin-avocat.png","contentUrl":"https:\/\/jboivinavocat.com\/wp-content\/uploads\/2023\/08\/jboivin-avocat.png","width":241,"height":112,"caption":"JONATHAN BOIVIN"},"image":{"@id":"https:\/\/jboivinavocat.com\/#\/schema\/logo\/image\/"},"sameAs":["https:\/\/www.facebook.com\/JBoivinavocat\/"]}]}},"_links":{"self":[{"href":"https:\/\/jboivinavocat.com\/en\/wp-json\/wp\/v2\/pages\/804","targetHints":{"allow":["GET"]}}],"collection":[{"href":"https:\/\/jboivinavocat.com\/en\/wp-json\/wp\/v2\/pages"}],"about":[{"href":"https:\/\/jboivinavocat.com\/en\/wp-json\/wp\/v2\/types\/page"}],"author":[{"embeddable":true,"href":"https:\/\/jboivinavocat.com\/en\/wp-json\/wp\/v2\/users\/1"}],"replies":[{"embeddable":true,"href":"https:\/\/jboivinavocat.com\/en\/wp-json\/wp\/v2\/comments?post=804"}],"version-history":[{"count":16,"href":"https:\/\/jboivinavocat.com\/en\/wp-json\/wp\/v2\/pages\/804\/revisions"}],"predecessor-version":[{"id":2102,"href":"https:\/\/jboivinavocat.com\/en\/wp-json\/wp\/v2\/pages\/804\/revisions\/2102"}],"wp:attachment":[{"href":"https:\/\/jboivinavocat.com\/en\/wp-json\/wp\/v2\/media?parent=804"}],"curies":[{"name":"wp","href":"https:\/\/api.w.org\/{rel}","templated":true}]}}