{"id":1191,"date":"2019-11-01T11:15:39","date_gmt":"2019-11-01T15:15:39","guid":{"rendered":"https:\/\/jboivinavocat.com\/?page_id=1191"},"modified":"2019-11-05T14:39:34","modified_gmt":"2019-11-05T19:39:34","slug":"restricted-licence","status":"publish","type":"page","link":"https:\/\/jboivinavocat.com\/en\/specialized-services\/restricted-licence\/","title":{"rendered":"Restricted licence"},"content":{"rendered":"<div class=\"wpb-content-wrapper\"><p>[vc_row full_width=&#8221;stretch_row&#8221; css=&#8221;.vc_custom_1572621336201{background-image: url(https:\/\/jboivinavocat.com\/wp-content\/uploads\/2019\/11\/permis-restreint_v01.jpg?id=1192) !important;background-position: center !important;background-repeat: no-repeat !important;background-size: cover !important;}&#8221; el_class=&#8221;hero&#8221;][vc_column][vc_row_inner content_placement=&#8221;middle&#8221;][vc_column_inner css=&#8221;.vc_custom_1519995158175{margin-top: 0px !important;}&#8221;][vc_column_text el_class=&#8221;fontPT font40&#8243;]<\/p>\n<h1>Restricted licence<\/h1>\n<p>[\/vc_column_text][\/vc_column_inner][\/vc_row_inner][\/vc_column][\/vc_row][vc_row el_class=&#8221;limitedContent&#8221; css=&#8221;.vc_custom_1572530617626{margin-bottom: 100px !important;}&#8221;][vc_column width=&#8221;2\/3&#8243;][vc_empty_space height=&#8221;28px&#8221;][vc_text_separator title=&#8221;Restricted licence&#8221; title_align=&#8221;separator_align_left&#8221;][vc_column_text]Losing your licence is devastating. It can lead to job loss and serious financial consequences. Most of us need a licence to make a living.<\/p>\n<p>If you have accumulated too many demerit points, it is possible to reverse the situation and maintain your right to drive for work purposes.<\/p>\n<p>For this, you must file an application in court. Jonathan Boivin will walk you through every step, from the drafting of procedures to representation in court. He will ensure that you are well prepared to testify before the judge. His goal is to help you retrieve your licence in order to prevent job loss and loss of income.[\/vc_column_text][vc_btn title=&#8221;NEED A LAWYER NOW? <strong>514 802-1211<\/strong>&#8221; color=&#8221;black&#8221; size=&#8221;lg&#8221; align=&#8221;center&#8221; i_icon_fontawesome=&#8221;fa fa-phone&#8221; add_icon=&#8221;true&#8221; link=&#8221;url:tel%3A1-514-802-1211|||&#8221;][vc_empty_space height=&#8221;50px&#8221;][\/vc_column][vc_column width=&#8221;1\/3&#8243;][vc_column_text]<\/p>\n<h3>Other specialized services<\/h3>\n<p>[\/vc_column_text][vc_wp_custommenu nav_menu=&#8221;18&#8243;][\/vc_column][\/vc_row][vc_row full_width=&#8221;stretch_row&#8221; css=&#8221;.vc_custom_1517492741804{background-color: #5f8db5 !important;}&#8221;][vc_column][vc_row_inner el_class=&#8221;centerContact&#8221;][vc_column_inner][vc_column_text el_class=&#8221;whiteColor&#8221;]<\/p>\n<p class=\"font40\" style=\"text-align: center; font-weight: bolder;\">Quick Consultation<\/p>\n<p class=\"font24 fontPT \" style=\"text-align: center;\"><span class=\"upperCase \" style=\"font-weight: bold;\">REQUEST COUNCIL AT THE BOIVIN LAW OFFICE<\/span><br \/>\nFill the form to book your first confidential appointment.<\/p>\n<p>[\/vc_column_text][vc_column_text]\n<div class=\"wpcf7 no-js\" id=\"wpcf7-f660-o1\" lang=\"en-CA\" dir=\"ltr\" data-wpcf7-id=\"660\">\n<div class=\"screen-reader-response\"><p role=\"status\" aria-live=\"polite\" aria-atomic=\"true\"><\/p> <ul><\/ul><\/div>\n<form action=\"\/en\/wp-json\/wp\/v2\/pages\/1191#wpcf7-f660-o1\" method=\"post\" class=\"wpcf7-form init\" aria-label=\"Contact form\" novalidate=\"novalidate\" data-status=\"init\">\n<fieldset class=\"hidden-fields-container\"><input type=\"hidden\" name=\"_wpcf7\" value=\"660\" \/><input type=\"hidden\" name=\"_wpcf7_version\" value=\"6.1.5\" \/><input type=\"hidden\" name=\"_wpcf7_locale\" value=\"en_CA\" \/><input type=\"hidden\" name=\"_wpcf7_unit_tag\" value=\"wpcf7-f660-o1\" \/><input type=\"hidden\" name=\"_wpcf7_container_post\" value=\"0\" \/><input type=\"hidden\" name=\"_wpcf7_posted_data_hash\" value=\"\" \/><input type=\"hidden\" name=\"_wpcf7_recaptcha_response\" value=\"\" \/>\n<\/fieldset>\n<p><label> <span class=\"wpcf7-form-control-wrap\" data-name=\"your-name\"><input size=\"40\" maxlength=\"400\" class=\"wpcf7-form-control wpcf7-text wpcf7-validates-as-required\" aria-required=\"true\" aria-invalid=\"false\" placeholder=\"Name\" value=\"\" type=\"text\" name=\"your-name\" \/><\/span> <\/label>\n<\/p>\n<div class=\"vc_row \">\n\t<div class=\"vc_col-sm-6\">\n\t\t<p><span class=\"wpcf7-form-control-wrap\" data-name=\"your-email\"><input size=\"40\" maxlength=\"400\" class=\"wpcf7-form-control wpcf7-email wpcf7-validates-as-required wpcf7-text wpcf7-validates-as-email\" aria-required=\"true\" aria-invalid=\"false\" placeholder=\"Email\" value=\"\" type=\"email\" name=\"your-email\" \/><\/span>\n\t\t<\/p>\n\t<\/div>\n\t<div class=\"vc_col-sm-6\">\n\t\t<p><span class=\"wpcf7-form-control-wrap\" data-name=\"your-phone\"><input size=\"40\" maxlength=\"400\" class=\"wpcf7-form-control wpcf7-tel wpcf7-validates-as-required wpcf7-text wpcf7-validates-as-tel\" aria-required=\"true\" aria-invalid=\"false\" placeholder=\"Phone\" value=\"\" type=\"tel\" name=\"your-phone\" \/><\/span>\n\t\t<\/p>\n\t<\/div>\n<\/div>\n<p><label><span class=\"wpcf7-form-control-wrap\" data-name=\"your-subject\"><input size=\"40\" maxlength=\"400\" class=\"wpcf7-form-control wpcf7-text wpcf7-validates-as-required\" aria-required=\"true\" aria-invalid=\"false\" placeholder=\"Subject\" value=\"\" type=\"text\" name=\"your-subject\" \/><\/span><\/label>\n<\/p>\n<p><label><span class=\"wpcf7-form-control-wrap\" data-name=\"your-message\"><textarea cols=\"40\" rows=\"5\" maxlength=\"2000\" class=\"wpcf7-form-control wpcf7-textarea\" aria-invalid=\"false\" placeholder=\"Message\" name=\"your-message\"><\/textarea><\/span><\/label><br \/>\n<input class=\"wpcf7-form-control wpcf7-submit has-spinner\" type=\"submit\" value=\"Send\" \/>\n<\/p><div class=\"wpcf7-response-output\" aria-hidden=\"true\"><\/div>\n<\/form>\n<\/div>\n[\/vc_column_text][\/vc_column_inner][\/vc_row_inner][\/vc_column][\/vc_row][vc_row full_width=&#8221;stretch_row&#8221;][vc_column][vc_column_text]<\/p>\n<p class=\"font40\" style=\"text-align: center; font-weight: bolder;\">General law articles<\/p>\n<p>[\/vc_column_text][vc_basic_grid post_type=&#8221;post&#8221; max_items=&#8221;3&#8243; item=&#8221;102&#8243; grid_id=&#8221;vc_gid:1572982748990-c1969c48-7969-7&#8243; el_class=&#8221;blogBlock&#8221;][\/vc_column][\/vc_row]<\/p>\n<\/div>","protected":false},"excerpt":{"rendered":"<p>[vc_row full_width=&#8221;stretch_row&#8221; css=&#8221;.vc_custom_1572621336201{background-image: url(https:\/\/jboivinavocat.com\/wp-content\/uploads\/2019\/11\/permis-restreint_v01.jpg?id=1192) !important;background-position: center !important;background-repeat: no-repeat !important;background-size: cover !important;}&#8221; el_class=&#8221;hero&#8221;][vc_column][vc_row_inner content_placement=&#8221;middle&#8221;][vc_column_inner css=&#8221;.vc_custom_1519995158175{margin-top: 0px !important;}&#8221;][vc_column_text el_class=&#8221;fontPT font40&#8243;] Restricted licence [\/vc_column_text][\/vc_column_inner][\/vc_row_inner][\/vc_column][\/vc_row][vc_row el_class=&#8221;limitedContent&#8221; css=&#8221;.vc_custom_1572530617626{margin-bottom: 100px !important;}&#8221;][vc_column width=&#8221;2\/3&#8243;][vc_empty_space height=&#8221;28px&#8221;][vc_text_separator title=&#8221;Restricted licence&#8221; title_align=&#8221;separator_align_left&#8221;][vc_column_text]Losing your licence is devastating. It can lead to job loss and serious financial consequences. Most of us need a licence to make a living. If [&hellip;]<\/p>\n","protected":false},"author":5,"featured_media":0,"parent":1117,"menu_order":20,"comment_status":"closed","ping_status":"closed","template":"","meta":{"footnotes":""},"class_list":["post-1191","page","type-page","status-publish","hentry"],"yoast_head":"<!-- This site is optimized with the Yoast SEO plugin v27.2 - https:\/\/yoast.com\/product\/yoast-seo-wordpress\/ -->\n<title>Restricted licence - Me Jonathan Boivin<\/title>\n<meta name=\"description\" content=\"Me Boivin a su acqu\u00e9rir et mettre \u00e0 profit \u00e0 de nombreuses reprises son exp\u00e9rience et expertise acquises durant ses six ann\u00e9es de pratique comme procureur au DPCP.\" \/>\n<meta name=\"robots\" content=\"index, follow, max-snippet:-1, max-image-preview:large, max-video-preview:-1\" \/>\n<link rel=\"canonical\" href=\"https:\/\/jboivinavocat.com\/en\/specialized-services\/restricted-licence\/\" \/>\n<meta property=\"og:locale\" content=\"en_US\" \/>\n<meta property=\"og:type\" content=\"article\" \/>\n<meta property=\"og:title\" content=\"Restricted licence - Me Jonathan Boivin\" \/>\n<meta property=\"og:description\" content=\"Me Boivin a su acqu\u00e9rir et mettre \u00e0 profit \u00e0 de nombreuses reprises son exp\u00e9rience et expertise acquises durant ses six ann\u00e9es de pratique comme procureur au DPCP.\" \/>\n<meta property=\"og:url\" content=\"https:\/\/jboivinavocat.com\/en\/specialized-services\/restricted-licence\/\" \/>\n<meta property=\"og:site_name\" content=\"JONATHAN BOIVIN\" \/>\n<meta property=\"article:publisher\" content=\"https:\/\/www.facebook.com\/JBoivinavocat\/\" \/>\n<meta property=\"article:modified_time\" content=\"2019-11-05T19:39:34+00:00\" \/>\n<meta property=\"og:image\" content=\"https:\/\/jboivinavocat.com\/wp-content\/uploads\/2018\/03\/header-01.jpg\" \/>\n\t<meta property=\"og:image:width\" content=\"2000\" \/>\n\t<meta property=\"og:image:height\" content=\"800\" \/>\n\t<meta property=\"og:image:type\" content=\"image\/jpeg\" \/>\n<meta name=\"twitter:card\" content=\"summary_large_image\" \/>\n<meta name=\"twitter:label1\" content=\"Est. reading time\" \/>\n\t<meta name=\"twitter:data1\" content=\"2 minutes\" \/>\n<script type=\"application\/ld+json\" class=\"yoast-schema-graph\">{\"@context\":\"https:\/\/schema.org\",\"@graph\":[{\"@type\":\"WebPage\",\"@id\":\"https:\/\/jboivinavocat.com\/en\/specialized-services\/restricted-licence\/\",\"url\":\"https:\/\/jboivinavocat.com\/en\/specialized-services\/restricted-licence\/\",\"name\":\"Restricted licence - Me Jonathan Boivin\",\"isPartOf\":{\"@id\":\"https:\/\/jboivinavocat.com\/#website\"},\"datePublished\":\"2019-11-01T15:15:39+00:00\",\"dateModified\":\"2019-11-05T19:39:34+00:00\",\"description\":\"Me Boivin a su acqu\u00e9rir et mettre \u00e0 profit \u00e0 de nombreuses reprises son exp\u00e9rience et expertise acquises durant ses six ann\u00e9es de pratique comme procureur au DPCP.\",\"breadcrumb\":{\"@id\":\"https:\/\/jboivinavocat.com\/en\/specialized-services\/restricted-licence\/#breadcrumb\"},\"inLanguage\":\"en-US\",\"potentialAction\":[{\"@type\":\"ReadAction\",\"target\":[\"https:\/\/jboivinavocat.com\/en\/specialized-services\/restricted-licence\/\"]}]},{\"@type\":\"BreadcrumbList\",\"@id\":\"https:\/\/jboivinavocat.com\/en\/specialized-services\/restricted-licence\/#breadcrumb\",\"itemListElement\":[{\"@type\":\"ListItem\",\"position\":1,\"name\":\"Home\",\"item\":\"https:\/\/jboivinavocat.com\/en\/\"},{\"@type\":\"ListItem\",\"position\":2,\"name\":\"Specialized services\",\"item\":\"https:\/\/jboivinavocat.com\/en\/specialized-services\/\"},{\"@type\":\"ListItem\",\"position\":3,\"name\":\"Restricted licence\"}]},{\"@type\":\"WebSite\",\"@id\":\"https:\/\/jboivinavocat.com\/#website\",\"url\":\"https:\/\/jboivinavocat.com\/\",\"name\":\"JONATHAN BOIVIN\",\"description\":\"Avocat criminaliste\",\"publisher\":{\"@id\":\"https:\/\/jboivinavocat.com\/#organization\"},\"potentialAction\":[{\"@type\":\"SearchAction\",\"target\":{\"@type\":\"EntryPoint\",\"urlTemplate\":\"https:\/\/jboivinavocat.com\/?s={search_term_string}\"},\"query-input\":{\"@type\":\"PropertyValueSpecification\",\"valueRequired\":true,\"valueName\":\"search_term_string\"}}],\"inLanguage\":\"en-US\"},{\"@type\":\"Organization\",\"@id\":\"https:\/\/jboivinavocat.com\/#organization\",\"name\":\"JONATHAN BOIVIN\",\"url\":\"https:\/\/jboivinavocat.com\/\",\"logo\":{\"@type\":\"ImageObject\",\"inLanguage\":\"en-US\",\"@id\":\"https:\/\/jboivinavocat.com\/#\/schema\/logo\/image\/\",\"url\":\"https:\/\/jboivinavocat.com\/wp-content\/uploads\/2023\/08\/jboivin-avocat.png\",\"contentUrl\":\"https:\/\/jboivinavocat.com\/wp-content\/uploads\/2023\/08\/jboivin-avocat.png\",\"width\":241,\"height\":112,\"caption\":\"JONATHAN BOIVIN\"},\"image\":{\"@id\":\"https:\/\/jboivinavocat.com\/#\/schema\/logo\/image\/\"},\"sameAs\":[\"https:\/\/www.facebook.com\/JBoivinavocat\/\"]}]}<\/script>\n<!-- \/ Yoast SEO plugin. -->","yoast_head_json":{"title":"Restricted licence - Me Jonathan Boivin","description":"Me Boivin a su acqu\u00e9rir et mettre \u00e0 profit \u00e0 de nombreuses reprises son exp\u00e9rience et expertise acquises durant ses six ann\u00e9es de pratique comme procureur au DPCP.","robots":{"index":"index","follow":"follow","max-snippet":"max-snippet:-1","max-image-preview":"max-image-preview:large","max-video-preview":"max-video-preview:-1"},"canonical":"https:\/\/jboivinavocat.com\/en\/specialized-services\/restricted-licence\/","og_locale":"en_US","og_type":"article","og_title":"Restricted licence - Me Jonathan Boivin","og_description":"Me Boivin a su acqu\u00e9rir et mettre \u00e0 profit \u00e0 de nombreuses reprises son exp\u00e9rience et expertise acquises durant ses six ann\u00e9es de pratique comme procureur au DPCP.","og_url":"https:\/\/jboivinavocat.com\/en\/specialized-services\/restricted-licence\/","og_site_name":"JONATHAN BOIVIN","article_publisher":"https:\/\/www.facebook.com\/JBoivinavocat\/","article_modified_time":"2019-11-05T19:39:34+00:00","og_image":[{"width":2000,"height":800,"url":"https:\/\/jboivinavocat.com\/wp-content\/uploads\/2018\/03\/header-01.jpg","type":"image\/jpeg"}],"twitter_card":"summary_large_image","twitter_misc":{"Est. reading time":"2 minutes"},"schema":{"@context":"https:\/\/schema.org","@graph":[{"@type":"WebPage","@id":"https:\/\/jboivinavocat.com\/en\/specialized-services\/restricted-licence\/","url":"https:\/\/jboivinavocat.com\/en\/specialized-services\/restricted-licence\/","name":"Restricted licence - Me Jonathan Boivin","isPartOf":{"@id":"https:\/\/jboivinavocat.com\/#website"},"datePublished":"2019-11-01T15:15:39+00:00","dateModified":"2019-11-05T19:39:34+00:00","description":"Me Boivin a su acqu\u00e9rir et mettre \u00e0 profit \u00e0 de nombreuses reprises son exp\u00e9rience et expertise acquises durant ses six ann\u00e9es de pratique comme procureur au DPCP.","breadcrumb":{"@id":"https:\/\/jboivinavocat.com\/en\/specialized-services\/restricted-licence\/#breadcrumb"},"inLanguage":"en-US","potentialAction":[{"@type":"ReadAction","target":["https:\/\/jboivinavocat.com\/en\/specialized-services\/restricted-licence\/"]}]},{"@type":"BreadcrumbList","@id":"https:\/\/jboivinavocat.com\/en\/specialized-services\/restricted-licence\/#breadcrumb","itemListElement":[{"@type":"ListItem","position":1,"name":"Home","item":"https:\/\/jboivinavocat.com\/en\/"},{"@type":"ListItem","position":2,"name":"Specialized services","item":"https:\/\/jboivinavocat.com\/en\/specialized-services\/"},{"@type":"ListItem","position":3,"name":"Restricted licence"}]},{"@type":"WebSite","@id":"https:\/\/jboivinavocat.com\/#website","url":"https:\/\/jboivinavocat.com\/","name":"JONATHAN BOIVIN","description":"Avocat criminaliste","publisher":{"@id":"https:\/\/jboivinavocat.com\/#organization"},"potentialAction":[{"@type":"SearchAction","target":{"@type":"EntryPoint","urlTemplate":"https:\/\/jboivinavocat.com\/?s={search_term_string}"},"query-input":{"@type":"PropertyValueSpecification","valueRequired":true,"valueName":"search_term_string"}}],"inLanguage":"en-US"},{"@type":"Organization","@id":"https:\/\/jboivinavocat.com\/#organization","name":"JONATHAN BOIVIN","url":"https:\/\/jboivinavocat.com\/","logo":{"@type":"ImageObject","inLanguage":"en-US","@id":"https:\/\/jboivinavocat.com\/#\/schema\/logo\/image\/","url":"https:\/\/jboivinavocat.com\/wp-content\/uploads\/2023\/08\/jboivin-avocat.png","contentUrl":"https:\/\/jboivinavocat.com\/wp-content\/uploads\/2023\/08\/jboivin-avocat.png","width":241,"height":112,"caption":"JONATHAN BOIVIN"},"image":{"@id":"https:\/\/jboivinavocat.com\/#\/schema\/logo\/image\/"},"sameAs":["https:\/\/www.facebook.com\/JBoivinavocat\/"]}]}},"_links":{"self":[{"href":"https:\/\/jboivinavocat.com\/en\/wp-json\/wp\/v2\/pages\/1191","targetHints":{"allow":["GET"]}}],"collection":[{"href":"https:\/\/jboivinavocat.com\/en\/wp-json\/wp\/v2\/pages"}],"about":[{"href":"https:\/\/jboivinavocat.com\/en\/wp-json\/wp\/v2\/types\/page"}],"author":[{"embeddable":true,"href":"https:\/\/jboivinavocat.com\/en\/wp-json\/wp\/v2\/users\/5"}],"replies":[{"embeddable":true,"href":"https:\/\/jboivinavocat.com\/en\/wp-json\/wp\/v2\/comments?post=1191"}],"version-history":[{"count":3,"href":"https:\/\/jboivinavocat.com\/en\/wp-json\/wp\/v2\/pages\/1191\/revisions"}],"predecessor-version":[{"id":1244,"href":"https:\/\/jboivinavocat.com\/en\/wp-json\/wp\/v2\/pages\/1191\/revisions\/1244"}],"up":[{"embeddable":true,"href":"https:\/\/jboivinavocat.com\/en\/wp-json\/wp\/v2\/pages\/1117"}],"wp:attachment":[{"href":"https:\/\/jboivinavocat.com\/en\/wp-json\/wp\/v2\/media?parent=1191"}],"curies":[{"name":"wp","href":"https:\/\/api.w.org\/{rel}","templated":true}]}}